{"id":4063,"date":"2023-10-31T14:58:36","date_gmt":"2023-10-31T13:58:36","guid":{"rendered":"https:\/\/www.target-world.de\/promotion\/"},"modified":"2024-12-06T11:08:21","modified_gmt":"2024-12-06T10:08:21","slug":"promotion","status":"publish","type":"page","link":"https:\/\/www.target-world.de\/fr\/promotion\/","title":{"rendered":"Promotion"},"content":{"rendered":"<div  class=\"tw-text tw-text--default\"><div class=\"lg:pb-sm  lg:pt-md\">\n    <div class=\"container mx-auto py-6 lg:pt-0 xl:py-0\">\n        <div class=\"wysiwyg\">\n            <h1>Soutenu par l&rsquo;Union europ\u00e9enne et le Land de Rh\u00e9nanie-Palatinat<\/h1>\n        <\/div>\n    <\/div>\n<\/div><\/div><div  class=\"tw-image-text tw-image-text--image-right\"><div class=\"container mb-12 lg:mb-md pt-6 xl:pt-4\">\n    <div class=\"flex flex-nowrap flex-col lg:flex-row items-center\">\n        <div class=\"flex-none w-full lg:w-7\/12 lg:order-first\">\n            <img loading=\"lazy\" width=\"920\" height=\"300\" src=\"https:\/\/www.target-world.de\/wp-content\/uploads\/2023\/12\/target-world-landscheid-foerderung.jpg\" class=\"block w-full h-auto\" alt=\"LogoWappen F\u00f6rderung TARGET WORLD\" decoding=\"async\" srcset=\"https:\/\/www.target-world.de\/wp-content\/uploads\/2023\/12\/target-world-landscheid-foerderung.jpg 920w, https:\/\/www.target-world.de\/wp-content\/uploads\/2023\/12\/target-world-landscheid-foerderung-300x98.jpg 300w, https:\/\/www.target-world.de\/wp-content\/uploads\/2023\/12\/target-world-landscheid-foerderung-768x250.jpg 768w\" sizes=\"(max-width: 920px) 100vw, 920px\" \/>        <\/div>\n        <div class=\"flex-none w-full lg:w-5\/12 flex justify-center flex-col py-30 items-end\">\n            <div class=\"lg:pr-[20%] lg:pl-10\">\n                <p>Le centre de comp\u00e9tences cyn\u00e9g\u00e9tiques et de performance de tir de TARGET WORLD sur le site de Landscheid, comprenant une \u00e9cole de chasse, des stands de tir, un magasin, un pavillon, un restaurant, des s\u00e9minaires, des r\u00e9unions et des \u00e9v\u00e9nements, a \u00e9t\u00e9 soutenu par l&rsquo;Union europ\u00e9enne au titre du Fonds europ\u00e9en de d\u00e9veloppement r\u00e9gional et par le Land de Rh\u00e9nanie-Palatinat.<\/p>\n            <\/div>\n        <\/div>\n    <\/div>\n<\/div>\n<\/div>","protected":false},"excerpt":{"rendered":"","protected":false},"author":1,"featured_media":0,"parent":0,"menu_order":10,"comment_status":"closed","ping_status":"closed","template":"","meta":{"footnotes":""},"acf":[],"yoast_head":"<!-- This site is optimized with the Yoast SEO plugin v21.5 - https:\/\/yoast.com\/wordpress\/plugins\/seo\/ -->\n<title>Soutenu par l&#039;UE | TARGET WORLD Landscheid<\/title>\n<meta name=\"description\" content=\"Le centre de comp\u00e9tences cyn\u00e9g\u00e9tiques et de performance de tir de TARGET WORLD sur le site de Landscheid est soutenu par l&#039;Union europ\u00e9enne via le Fonds europ\u00e9en de d\u00e9veloppement r\u00e9gional et le Land de Rh\u00e9nanie-Palatinat.\" \/>\n<meta name=\"robots\" content=\"index, follow, max-snippet:-1, max-image-preview:large, max-video-preview:-1\" \/>\n<link rel=\"canonical\" href=\"https:\/\/www.target-world.de\/fr\/promotion\/\" \/>\n<meta property=\"og:locale\" content=\"fr_FR\" \/>\n<meta property=\"og:type\" content=\"article\" \/>\n<meta property=\"og:title\" content=\"Soutenu par l&#039;UE | TARGET WORLD Landscheid\" \/>\n<meta property=\"og:description\" content=\"Le centre de comp\u00e9tences cyn\u00e9g\u00e9tiques et de performance de tir de TARGET WORLD sur le site de Landscheid est soutenu par l&#039;Union europ\u00e9enne via le Fonds europ\u00e9en de d\u00e9veloppement r\u00e9gional et le Land de Rh\u00e9nanie-Palatinat.\" \/>\n<meta property=\"og:url\" content=\"https:\/\/www.target-world.de\/fr\/promotion\/\" \/>\n<meta property=\"og:site_name\" content=\"Target World Landscheid\" \/>\n<meta property=\"article:modified_time\" content=\"2024-12-06T10:08:21+00:00\" \/>\n<meta name=\"twitter:card\" content=\"summary_large_image\" \/>\n<script type=\"application\/ld+json\" class=\"yoast-schema-graph\">{\"@context\":\"https:\/\/schema.org\",\"@graph\":[{\"@type\":\"WebPage\",\"@id\":\"https:\/\/www.target-world.de\/fr\/promotion\/\",\"url\":\"https:\/\/www.target-world.de\/fr\/promotion\/\",\"name\":\"Soutenu par l'UE | TARGET WORLD Landscheid\",\"isPartOf\":{\"@id\":\"https:\/\/www.target-world.de\/fr\/#website\"},\"datePublished\":\"2023-10-31T13:58:36+00:00\",\"dateModified\":\"2024-12-06T10:08:21+00:00\",\"description\":\"Le centre de comp\u00e9tences cyn\u00e9g\u00e9tiques et de performance de tir de TARGET WORLD sur le site de Landscheid est soutenu par l'Union europ\u00e9enne via le Fonds europ\u00e9en de d\u00e9veloppement r\u00e9gional et le Land de Rh\u00e9nanie-Palatinat.\",\"breadcrumb\":{\"@id\":\"https:\/\/www.target-world.de\/fr\/promotion\/#breadcrumb\"},\"inLanguage\":\"fr-FR\",\"potentialAction\":[{\"@type\":\"ReadAction\",\"target\":[\"https:\/\/www.target-world.de\/fr\/promotion\/\"]}]},{\"@type\":\"BreadcrumbList\",\"@id\":\"https:\/\/www.target-world.de\/fr\/promotion\/#breadcrumb\",\"itemListElement\":[{\"@type\":\"ListItem\",\"position\":1,\"name\":\"page d'accueil\",\"item\":\"https:\/\/www.target-world.de\/fr\/\"},{\"@type\":\"ListItem\",\"position\":2,\"name\":\"Promotion\"}]},{\"@type\":\"WebSite\",\"@id\":\"https:\/\/www.target-world.de\/fr\/#website\",\"url\":\"https:\/\/www.target-world.de\/fr\/\",\"name\":\"Target World Landscheid\",\"description\":\"\",\"potentialAction\":[{\"@type\":\"SearchAction\",\"target\":{\"@type\":\"EntryPoint\",\"urlTemplate\":\"https:\/\/www.target-world.de\/fr\/?s={search_term_string}\"},\"query-input\":\"required name=search_term_string\"}],\"inLanguage\":\"fr-FR\"}]}<\/script>\n<!-- \/ Yoast SEO plugin. -->","yoast_head_json":{"title":"Soutenu par l'UE | TARGET WORLD Landscheid","description":"Le centre de comp\u00e9tences cyn\u00e9g\u00e9tiques et de performance de tir de TARGET WORLD sur le site de Landscheid est soutenu par l'Union europ\u00e9enne via le Fonds europ\u00e9en de d\u00e9veloppement r\u00e9gional et le Land de Rh\u00e9nanie-Palatinat.","robots":{"index":"index","follow":"follow","max-snippet":"max-snippet:-1","max-image-preview":"max-image-preview:large","max-video-preview":"max-video-preview:-1"},"canonical":"https:\/\/www.target-world.de\/fr\/promotion\/","og_locale":"fr_FR","og_type":"article","og_title":"Soutenu par l'UE | TARGET WORLD Landscheid","og_description":"Le centre de comp\u00e9tences cyn\u00e9g\u00e9tiques et de performance de tir de TARGET WORLD sur le site de Landscheid est soutenu par l'Union europ\u00e9enne via le Fonds europ\u00e9en de d\u00e9veloppement r\u00e9gional et le Land de Rh\u00e9nanie-Palatinat.","og_url":"https:\/\/www.target-world.de\/fr\/promotion\/","og_site_name":"Target World Landscheid","article_modified_time":"2024-12-06T10:08:21+00:00","twitter_card":"summary_large_image","schema":{"@context":"https:\/\/schema.org","@graph":[{"@type":"WebPage","@id":"https:\/\/www.target-world.de\/fr\/promotion\/","url":"https:\/\/www.target-world.de\/fr\/promotion\/","name":"Soutenu par l'UE | TARGET WORLD Landscheid","isPartOf":{"@id":"https:\/\/www.target-world.de\/fr\/#website"},"datePublished":"2023-10-31T13:58:36+00:00","dateModified":"2024-12-06T10:08:21+00:00","description":"Le centre de comp\u00e9tences cyn\u00e9g\u00e9tiques et de performance de tir de TARGET WORLD sur le site de Landscheid est soutenu par l'Union europ\u00e9enne via le Fonds europ\u00e9en de d\u00e9veloppement r\u00e9gional et le Land de Rh\u00e9nanie-Palatinat.","breadcrumb":{"@id":"https:\/\/www.target-world.de\/fr\/promotion\/#breadcrumb"},"inLanguage":"fr-FR","potentialAction":[{"@type":"ReadAction","target":["https:\/\/www.target-world.de\/fr\/promotion\/"]}]},{"@type":"BreadcrumbList","@id":"https:\/\/www.target-world.de\/fr\/promotion\/#breadcrumb","itemListElement":[{"@type":"ListItem","position":1,"name":"page d'accueil","item":"https:\/\/www.target-world.de\/fr\/"},{"@type":"ListItem","position":2,"name":"Promotion"}]},{"@type":"WebSite","@id":"https:\/\/www.target-world.de\/fr\/#website","url":"https:\/\/www.target-world.de\/fr\/","name":"Target World Landscheid","description":"","potentialAction":[{"@type":"SearchAction","target":{"@type":"EntryPoint","urlTemplate":"https:\/\/www.target-world.de\/fr\/?s={search_term_string}"},"query-input":"required name=search_term_string"}],"inLanguage":"fr-FR"}]}},"_links":{"self":[{"href":"https:\/\/www.target-world.de\/fr\/wp-json\/wp\/v2\/pages\/4063"}],"collection":[{"href":"https:\/\/www.target-world.de\/fr\/wp-json\/wp\/v2\/pages"}],"about":[{"href":"https:\/\/www.target-world.de\/fr\/wp-json\/wp\/v2\/types\/page"}],"author":[{"embeddable":true,"href":"https:\/\/www.target-world.de\/fr\/wp-json\/wp\/v2\/users\/1"}],"replies":[{"embeddable":true,"href":"https:\/\/www.target-world.de\/fr\/wp-json\/wp\/v2\/comments?post=4063"}],"version-history":[{"count":3,"href":"https:\/\/www.target-world.de\/fr\/wp-json\/wp\/v2\/pages\/4063\/revisions"}],"predecessor-version":[{"id":4066,"href":"https:\/\/www.target-world.de\/fr\/wp-json\/wp\/v2\/pages\/4063\/revisions\/4066"}],"wp:attachment":[{"href":"https:\/\/www.target-world.de\/fr\/wp-json\/wp\/v2\/media?parent=4063"}],"curies":[{"name":"wp","href":"https:\/\/api.w.org\/{rel}","templated":true}]}}