{"id":4118,"date":"2022-10-24T13:53:21","date_gmt":"2022-10-24T11:53:21","guid":{"rendered":"https:\/\/www.target-world.de\/mentions-legales\/"},"modified":"2024-12-10T10:03:40","modified_gmt":"2024-12-10T09:03:40","slug":"mentions-legales","status":"publish","type":"page","link":"https:\/\/www.target-world.de\/fr\/mentions-legales\/","title":{"rendered":"Mentions l\u00e9gales"},"content":{"rendered":"<div  class=\"tw-text tw-text--default\"><div class=\"lg:pb-sm  lg:pt-md\">\n    <div class=\"container mx-auto py-6 lg:pt-0 xl:py-0\">\n        <div class=\"wysiwyg\">\n            <h1>Mentions l\u00e9gales<\/h1>\n<p>Le fournisseur de target-world.de au sens du \u00a7 5 TMG est<br \/>\nTARGET WORLD Landscheid GmbH &amp; Co. KG<br \/>\nAuf Klingelborner Heid<br \/>\n54526 Landscheid<\/p>\n<p>Allemagne T\u00e9l\u00e9phone : +49 6575 96891-0<br \/>\nT\u00e9l\u00e9copie : +49 6575 96891-999<br \/>\nE-mail : <a href=\"mailto:info@target-world.de\">info@target-world.de<\/a><br \/>\nrepr\u00e9sent\u00e9e par l&rsquo;associ\u00e9 commandit\u00e9 Hunter Beteiligungs-GmbH, Auf Klingelborner Heid, 54526 Landscheid, inscrite au registre du commerce du tribunal d&rsquo;instance de Wittlich HRB 42006. Celle-ci est \u00e0 son tour repr\u00e9sent\u00e9e par la directrice g\u00e9n\u00e9rale Anke Rink.<\/p>\n<h2>Donn\u00e9es du registre<\/h2>\n<p>Registre du commerce : Tribunal d&rsquo;instance de Wittlich HRA 40706<\/p>\n<h2>Num\u00e9ro d&rsquo;identification de la taxe sur le chiffre d&rsquo;affaires<\/h2>\n<p>Num\u00e9ro de TVA : DE287698427<\/p>\n<h2>R\u00e8glement des litiges en ligne<\/h2>\n<p>Plate-forme de la Commission europ\u00e9enne pour le r\u00e8glement en ligne des litiges :  [https:\/\/ec .europa.eu\/consumers\/odr](https:\/\/ec.europa.eu\/consumers\/odr). Nous ne sommes ni oblig\u00e9s ni dispos\u00e9s \u00e0 participer \u00e0 une proc\u00e9dure de r\u00e8glement des litiges devant un organisme de conciliation des consommateurs.<\/p>\n<h2>Avis juridique<\/h2>\n<p>Les textes, images, graphiques, animations, fichiers vid\u00e9o et audio ainsi que tous les autres contenus de ce site Internet sont soumis aux dispositions l\u00e9gales relatives aux droits d&rsquo;auteur et, le cas \u00e9ch\u00e9ant, aux autres droits de propri\u00e9t\u00e9 intellectuelle. Le contenu prot\u00e9g\u00e9 de ce site web ne peut \u00eatre copi\u00e9, diffus\u00e9, reproduit, rendu public ou exploit\u00e9 d&rsquo;une autre mani\u00e8re sans l&rsquo;autorisation du titulaire des droits. <\/p>\n<h2>PERSONNALIT\u00c9S DE L&rsquo;IMAGE<\/h2>\n<p>Photographie : Tobias Westen Photography B\u00e2timents (lodge, magasin, acad\u00e9mie, restauration) con\u00e7us par Hardt und Partner Architekten und Ingenieure PartGmbH, Tr\u00e8ves.<\/p>\n        <\/div>\n    <\/div>\n<\/div><\/div>\n\n<div  class=\"tw-image-text tw-image-text--image-right\"><div class=\"container mb-12 lg:mb-md pt-6 xl:pt-4\">\n    <div class=\"flex flex-nowrap flex-col lg:flex-row items-center\">\n        <div class=\"flex-none w-full lg:w-7\/12 lg:order-first\">\n            <img loading=\"lazy\" width=\"920\" height=\"300\" src=\"https:\/\/www.target-world.de\/wp-content\/uploads\/2023\/12\/target-world-landscheid-foerderung.jpg\" class=\"block w-full h-auto\" alt=\"LogoWappen F\u00f6rderung TARGET WORLD\" decoding=\"async\" srcset=\"https:\/\/www.target-world.de\/wp-content\/uploads\/2023\/12\/target-world-landscheid-foerderung.jpg 920w, https:\/\/www.target-world.de\/wp-content\/uploads\/2023\/12\/target-world-landscheid-foerderung-300x98.jpg 300w, https:\/\/www.target-world.de\/wp-content\/uploads\/2023\/12\/target-world-landscheid-foerderung-768x250.jpg 768w\" sizes=\"(max-width: 920px) 100vw, 920px\" \/>        <\/div>\n        <div class=\"flex-none w-full lg:w-5\/12 flex justify-center flex-col py-30 items-end\">\n            <div class=\"lg:pr-[20%] lg:pl-10\">\n                <p style=\"text-align: left;\">Le centre de comp\u00e9tences cyn\u00e9g\u00e9tiques et de performance de tir de TARGET WORLD sur le site de Landscheid, comprenant une \u00e9cole de chasse, des stands de tir, un magasin, un pavillon, un restaurant, des s\u00e9minaires, des r\u00e9unions et des \u00e9v\u00e9nements, est soutenu par l&rsquo;Union europ\u00e9enne au titre du Fonds europ\u00e9en de d\u00e9veloppement r\u00e9gional et par le Land de Rh\u00e9nanie-Palatinat.<\/p>\n<p style=\"text-align: left;\"><a class=\"btn-gold\" href=\"https:\/\/www.target-world.de\/fr\/promotion\/\">En savoir plus<\/a><\/p>\n            <\/div>\n        <\/div>\n    <\/div>\n<\/div>\n<\/div>","protected":false},"excerpt":{"rendered":"","protected":false},"author":1,"featured_media":0,"parent":0,"menu_order":10,"comment_status":"closed","ping_status":"closed","template":"","meta":{"footnotes":""},"acf":[],"yoast_head":"<!-- This site is optimized with the Yoast SEO plugin v21.5 - https:\/\/yoast.com\/wordpress\/plugins\/seo\/ -->\n<title>Mentions l\u00e9gales - Target World Landscheid<\/title>\n<meta name=\"robots\" content=\"index, follow, max-snippet:-1, max-image-preview:large, max-video-preview:-1\" \/>\n<link rel=\"canonical\" href=\"https:\/\/www.target-world.de\/fr\/mentions-legales\/\" \/>\n<meta property=\"og:locale\" content=\"fr_FR\" \/>\n<meta property=\"og:type\" content=\"article\" \/>\n<meta property=\"og:title\" content=\"Mentions l\u00e9gales - Target World Landscheid\" \/>\n<meta property=\"og:url\" content=\"https:\/\/www.target-world.de\/fr\/mentions-legales\/\" \/>\n<meta property=\"og:site_name\" content=\"Target World Landscheid\" \/>\n<meta property=\"article:modified_time\" content=\"2024-12-10T09:03:40+00:00\" \/>\n<meta name=\"twitter:card\" content=\"summary_large_image\" \/>\n<script type=\"application\/ld+json\" class=\"yoast-schema-graph\">{\"@context\":\"https:\/\/schema.org\",\"@graph\":[{\"@type\":\"WebPage\",\"@id\":\"https:\/\/www.target-world.de\/fr\/mentions-legales\/\",\"url\":\"https:\/\/www.target-world.de\/fr\/mentions-legales\/\",\"name\":\"Mentions l\u00e9gales - Target World Landscheid\",\"isPartOf\":{\"@id\":\"https:\/\/www.target-world.de\/fr\/#website\"},\"datePublished\":\"2022-10-24T11:53:21+00:00\",\"dateModified\":\"2024-12-10T09:03:40+00:00\",\"breadcrumb\":{\"@id\":\"https:\/\/www.target-world.de\/fr\/mentions-legales\/#breadcrumb\"},\"inLanguage\":\"fr-FR\",\"potentialAction\":[{\"@type\":\"ReadAction\",\"target\":[\"https:\/\/www.target-world.de\/fr\/mentions-legales\/\"]}]},{\"@type\":\"BreadcrumbList\",\"@id\":\"https:\/\/www.target-world.de\/fr\/mentions-legales\/#breadcrumb\",\"itemListElement\":[{\"@type\":\"ListItem\",\"position\":1,\"name\":\"page d'accueil\",\"item\":\"https:\/\/www.target-world.de\/fr\/\"},{\"@type\":\"ListItem\",\"position\":2,\"name\":\"Mentions l\u00e9gales\"}]},{\"@type\":\"WebSite\",\"@id\":\"https:\/\/www.target-world.de\/fr\/#website\",\"url\":\"https:\/\/www.target-world.de\/fr\/\",\"name\":\"Target World Landscheid\",\"description\":\"\",\"potentialAction\":[{\"@type\":\"SearchAction\",\"target\":{\"@type\":\"EntryPoint\",\"urlTemplate\":\"https:\/\/www.target-world.de\/fr\/?s={search_term_string}\"},\"query-input\":\"required name=search_term_string\"}],\"inLanguage\":\"fr-FR\"}]}<\/script>\n<!-- \/ Yoast SEO plugin. -->","yoast_head_json":{"title":"Mentions l\u00e9gales - Target World Landscheid","robots":{"index":"index","follow":"follow","max-snippet":"max-snippet:-1","max-image-preview":"max-image-preview:large","max-video-preview":"max-video-preview:-1"},"canonical":"https:\/\/www.target-world.de\/fr\/mentions-legales\/","og_locale":"fr_FR","og_type":"article","og_title":"Mentions l\u00e9gales - Target World Landscheid","og_url":"https:\/\/www.target-world.de\/fr\/mentions-legales\/","og_site_name":"Target World Landscheid","article_modified_time":"2024-12-10T09:03:40+00:00","twitter_card":"summary_large_image","schema":{"@context":"https:\/\/schema.org","@graph":[{"@type":"WebPage","@id":"https:\/\/www.target-world.de\/fr\/mentions-legales\/","url":"https:\/\/www.target-world.de\/fr\/mentions-legales\/","name":"Mentions l\u00e9gales - Target World Landscheid","isPartOf":{"@id":"https:\/\/www.target-world.de\/fr\/#website"},"datePublished":"2022-10-24T11:53:21+00:00","dateModified":"2024-12-10T09:03:40+00:00","breadcrumb":{"@id":"https:\/\/www.target-world.de\/fr\/mentions-legales\/#breadcrumb"},"inLanguage":"fr-FR","potentialAction":[{"@type":"ReadAction","target":["https:\/\/www.target-world.de\/fr\/mentions-legales\/"]}]},{"@type":"BreadcrumbList","@id":"https:\/\/www.target-world.de\/fr\/mentions-legales\/#breadcrumb","itemListElement":[{"@type":"ListItem","position":1,"name":"page d'accueil","item":"https:\/\/www.target-world.de\/fr\/"},{"@type":"ListItem","position":2,"name":"Mentions l\u00e9gales"}]},{"@type":"WebSite","@id":"https:\/\/www.target-world.de\/fr\/#website","url":"https:\/\/www.target-world.de\/fr\/","name":"Target World Landscheid","description":"","potentialAction":[{"@type":"SearchAction","target":{"@type":"EntryPoint","urlTemplate":"https:\/\/www.target-world.de\/fr\/?s={search_term_string}"},"query-input":"required name=search_term_string"}],"inLanguage":"fr-FR"}]}},"_links":{"self":[{"href":"https:\/\/www.target-world.de\/fr\/wp-json\/wp\/v2\/pages\/4118"}],"collection":[{"href":"https:\/\/www.target-world.de\/fr\/wp-json\/wp\/v2\/pages"}],"about":[{"href":"https:\/\/www.target-world.de\/fr\/wp-json\/wp\/v2\/types\/page"}],"author":[{"embeddable":true,"href":"https:\/\/www.target-world.de\/fr\/wp-json\/wp\/v2\/users\/1"}],"replies":[{"embeddable":true,"href":"https:\/\/www.target-world.de\/fr\/wp-json\/wp\/v2\/comments?post=4118"}],"version-history":[{"count":5,"href":"https:\/\/www.target-world.de\/fr\/wp-json\/wp\/v2\/pages\/4118\/revisions"}],"predecessor-version":[{"id":4405,"href":"https:\/\/www.target-world.de\/fr\/wp-json\/wp\/v2\/pages\/4118\/revisions\/4405"}],"wp:attachment":[{"href":"https:\/\/www.target-world.de\/fr\/wp-json\/wp\/v2\/media?parent=4118"}],"curies":[{"name":"wp","href":"https:\/\/api.w.org\/{rel}","templated":true}]}}