{"id":4122,"date":"2022-10-17T17:12:45","date_gmt":"2022-10-17T15:12:45","guid":{"rendered":"https:\/\/www.target-world.de\/protection-des-donnees\/"},"modified":"2024-12-10T09:54:45","modified_gmt":"2024-12-10T08:54:45","slug":"protection-des-donnees","status":"publish","type":"page","link":"https:\/\/www.target-world.de\/fr\/protection-des-donnees\/","title":{"rendered":"Protection des donn\u00e9es"},"content":{"rendered":"<div  class=\"tw-text tw-text--default\"><div class=\"lg:pb-sm  lg:pt-md\">\n    <div class=\"container mx-auto py-6 lg:pt-0 xl:py-0\">\n        <div class=\"wysiwyg\">\n            <h1>Protection des donn\u00e9es<\/h1>\n<h2>Informations sur la protection des donn\u00e9es<\/h2>\n<p>La pr\u00e9sente note d&rsquo;information sur la protection des donn\u00e9es concerne le traitement des donn\u00e9es \u00e0 caract\u00e8re personnel lors de la visite de ce site web.<\/p>\n<h2>Responsable au sens du RGPD<\/h2>\n<p>TARGET WORLD Landscheid GmbH &amp; Co. KG<br \/>\nAuf Klingelborner Heid<br \/>\n54526 Landscheid Allemagne<br \/>\nE-mail : <a href=\"mailto:info@target-world.de\">info@target-world.de<\/a><br \/>\nT\u00e9l\u00e9phone : +49 6575 96891-0<br \/>\nT\u00e9l\u00e9copie : +49 6575 96891-999<\/p>\n<h2>D\u00e9l\u00e9gu\u00e9 \u00e0 la protection des donn\u00e9es<\/h2>\n<p>Nous ne sommes pas tenus par la loi de d\u00e9signer un responsable de la protection des donn\u00e9es et n&rsquo;en avons donc pas d\u00e9sign\u00e9 un.<\/p>\n<h2>Activit\u00e9 de traitement et donn\u00e9es collect\u00e9es<\/h2>\n<p>Notre serveur web se trouve en Allemagne, chez le fournisseur d&rsquo;h\u00e9bergement Strato AG. Nous avons conclu avec ce dernier un contrat de traitement des commandes conform\u00e9ment \u00e0 l&rsquo;article 28 du RGPD. En principe, aucune adresse IP compl\u00e8te n&rsquo;est enregistr\u00e9e lors de la visite de ce site web. Avant l&rsquo;enregistrement, le serveur web remplace le dernier octet de l&rsquo;adresse IP par une valeur al\u00e9atoire. Outre l&rsquo;adresse IP du visiteur ainsi anonymis\u00e9e, l&rsquo;heure et la ressource demand\u00e9e sont enregistr\u00e9es \u00e0 chaque acc\u00e8s. En outre, l&rsquo;agent utilisateur (informations sur le navigateur et le syst\u00e8me d&rsquo;exploitation) ainsi que le r\u00e9f\u00e9rent (origine d&rsquo;un lien d&rsquo;un autre site vers ce site) sont enregistr\u00e9s, dans la mesure o\u00f9 votre navigateur les transmet. La dur\u00e9e de conservation est de 60 jours. <\/p>\n<h2>Finalit\u00e9s et bases juridiques du traitement<\/h2>\n<p>La base juridique pour le traitement de ces donn\u00e9es est l&rsquo;article 6, paragraphe 1, point f) du RGPD. Notre int\u00e9r\u00eat l\u00e9gitime est de garantir l&rsquo;int\u00e9grit\u00e9 et la disponibilit\u00e9 de ce site web.   <\/p>\n<h2>Vos droits en tant que personne concern\u00e9e<\/h2>\n<p>Vous avez le droit d&rsquo;obtenir **l&rsquo;information** sur les donn\u00e9es \u00e0 caract\u00e8re personnel vous concernant. Veuillez noter qu&rsquo;avant de fournir un acc\u00e8s, nous devons nous assurer que votre identit\u00e9 correspond effectivement \u00e0 la demande. Apr\u00e8s tout, vous \u00eates le seul \u00e0 recevoir cette information. Vous disposez \u00e9galement d&rsquo;un droit de **correction**, d&rsquo;un droit de **suppression** et d&rsquo;un droit de **restriction du traitement** des donn\u00e9es \u00e0 caract\u00e8re personnel vous concernant. Ces droits ne sont accord\u00e9s que dans le cadre des dispositions l\u00e9gales. Vous avez un droit d&rsquo;**opposition** au traitement des donn\u00e9es \u00e0 caract\u00e8re personnel vous concernant. Celui-ci n&rsquo;est \u00e9galement accord\u00e9 que dans le cadre des dispositions l\u00e9gales.<br \/>\nEnfin, vous avez un droit \u00e0 la **portabilit\u00e9 des donn\u00e9es**. Ce droit n&rsquo;est accord\u00e9 que dans le cadre des dispositions l\u00e9gales.<\/p>\n<h2>Suppression des donn\u00e9es<\/h2>\n<p>En principe, nous supprimons les donn\u00e9es personnelles lorsque leur conservation n&rsquo;est plus n\u00e9cessaire. Dans la mesure o\u00f9 des d\u00e9lais de conservation l\u00e9gaux doivent \u00eatre respect\u00e9s (notamment en vertu du \u00a7 257 du code de commerce allemand et du \u00a7 147 du code allemand des imp\u00f4ts), cette exigence s&rsquo;applique jusqu&rsquo;\u00e0 leur expiration. Dans les normes juridiques mentionn\u00e9es, les d\u00e9lais de conservation commencent \u00e0 la fin de l&rsquo;ann\u00e9e civile de l&rsquo;op\u00e9ration commerciale et durent 6 ou 10 ans en fonction de sa nature.  <\/p>\n<h2>Droit de recours<\/h2>\n<p>Vous avez le droit de d\u00e9poser une plainte concernant le traitement des donn\u00e9es \u00e0 caract\u00e8re personnel aupr\u00e8s d&rsquo;une autorit\u00e9 de contr\u00f4le comp\u00e9tente. Mise \u00e0 jour : 11 mars 2021<\/p>\n        <\/div>\n    <\/div>\n<\/div><\/div>\n\n<div  class=\"tw-image-text tw-image-text--image-right\"><div class=\"container mb-12 lg:mb-md pt-6 xl:pt-4\">\n    <div class=\"flex flex-nowrap flex-col lg:flex-row items-center\">\n        <div class=\"flex-none w-full lg:w-7\/12 lg:order-first\">\n                    <\/div>\n        <div class=\"flex-none w-full lg:w-5\/12 flex justify-center flex-col py-30 items-end\">\n            <div class=\"lg:pr-[20%] lg:pl-10\">\n                <p style=\"text-align: left;\">Le centre de comp\u00e9tences cyn\u00e9g\u00e9tiques et de performance de tir de TARGET WORLD sur le site de Landscheid, comprenant une \u00e9cole de chasse, des stands de tir, un magasin, un pavillon, un restaurant, des s\u00e9minaires, des r\u00e9unions et des \u00e9v\u00e9nements, est soutenu par l&rsquo;Union europ\u00e9enne au titre du Fonds europ\u00e9en de d\u00e9veloppement r\u00e9gional et par le Land de Rh\u00e9nanie-Palatinat.<\/p>\n<p style=\"text-align: left;\"><a class=\"btn-gold\" href=\"https:\/\/www.target-world.de\/fr\/promotion\/\">En savoir plus<\/a><\/p>\n            <\/div>\n        <\/div>\n    <\/div>\n<\/div>\n<\/div>","protected":false},"excerpt":{"rendered":"","protected":false},"author":1,"featured_media":0,"parent":0,"menu_order":13,"comment_status":"closed","ping_status":"open","template":"","meta":{"footnotes":""},"acf":[],"yoast_head":"<!-- This site is optimized with the Yoast SEO plugin v21.5 - https:\/\/yoast.com\/wordpress\/plugins\/seo\/ -->\n<title>Protection des donn\u00e9es - Target World Landscheid<\/title>\n<meta name=\"robots\" content=\"index, follow, max-snippet:-1, max-image-preview:large, max-video-preview:-1\" \/>\n<link rel=\"canonical\" href=\"https:\/\/www.target-world.de\/fr\/protection-des-donnees\/\" \/>\n<meta property=\"og:locale\" content=\"fr_FR\" \/>\n<meta property=\"og:type\" content=\"article\" \/>\n<meta property=\"og:title\" content=\"Protection des donn\u00e9es - Target World Landscheid\" \/>\n<meta property=\"og:url\" content=\"https:\/\/www.target-world.de\/fr\/protection-des-donnees\/\" \/>\n<meta property=\"og:site_name\" content=\"Target World Landscheid\" \/>\n<meta property=\"article:modified_time\" content=\"2024-12-10T08:54:45+00:00\" \/>\n<meta name=\"twitter:card\" content=\"summary_large_image\" \/>\n<script type=\"application\/ld+json\" class=\"yoast-schema-graph\">{\"@context\":\"https:\/\/schema.org\",\"@graph\":[{\"@type\":\"WebPage\",\"@id\":\"https:\/\/www.target-world.de\/fr\/protection-des-donnees\/\",\"url\":\"https:\/\/www.target-world.de\/fr\/protection-des-donnees\/\",\"name\":\"Protection des donn\u00e9es - Target World Landscheid\",\"isPartOf\":{\"@id\":\"https:\/\/www.target-world.de\/fr\/#website\"},\"datePublished\":\"2022-10-17T15:12:45+00:00\",\"dateModified\":\"2024-12-10T08:54:45+00:00\",\"breadcrumb\":{\"@id\":\"https:\/\/www.target-world.de\/fr\/protection-des-donnees\/#breadcrumb\"},\"inLanguage\":\"fr-FR\",\"potentialAction\":[{\"@type\":\"ReadAction\",\"target\":[\"https:\/\/www.target-world.de\/fr\/protection-des-donnees\/\"]}]},{\"@type\":\"BreadcrumbList\",\"@id\":\"https:\/\/www.target-world.de\/fr\/protection-des-donnees\/#breadcrumb\",\"itemListElement\":[{\"@type\":\"ListItem\",\"position\":1,\"name\":\"page d'accueil\",\"item\":\"https:\/\/www.target-world.de\/fr\/\"},{\"@type\":\"ListItem\",\"position\":2,\"name\":\"Protection des donn\u00e9es\"}]},{\"@type\":\"WebSite\",\"@id\":\"https:\/\/www.target-world.de\/fr\/#website\",\"url\":\"https:\/\/www.target-world.de\/fr\/\",\"name\":\"Target World Landscheid\",\"description\":\"\",\"potentialAction\":[{\"@type\":\"SearchAction\",\"target\":{\"@type\":\"EntryPoint\",\"urlTemplate\":\"https:\/\/www.target-world.de\/fr\/?s={search_term_string}\"},\"query-input\":\"required name=search_term_string\"}],\"inLanguage\":\"fr-FR\"}]}<\/script>\n<!-- \/ Yoast SEO plugin. -->","yoast_head_json":{"title":"Protection des donn\u00e9es - Target World Landscheid","robots":{"index":"index","follow":"follow","max-snippet":"max-snippet:-1","max-image-preview":"max-image-preview:large","max-video-preview":"max-video-preview:-1"},"canonical":"https:\/\/www.target-world.de\/fr\/protection-des-donnees\/","og_locale":"fr_FR","og_type":"article","og_title":"Protection des donn\u00e9es - Target World Landscheid","og_url":"https:\/\/www.target-world.de\/fr\/protection-des-donnees\/","og_site_name":"Target World Landscheid","article_modified_time":"2024-12-10T08:54:45+00:00","twitter_card":"summary_large_image","schema":{"@context":"https:\/\/schema.org","@graph":[{"@type":"WebPage","@id":"https:\/\/www.target-world.de\/fr\/protection-des-donnees\/","url":"https:\/\/www.target-world.de\/fr\/protection-des-donnees\/","name":"Protection des donn\u00e9es - Target World Landscheid","isPartOf":{"@id":"https:\/\/www.target-world.de\/fr\/#website"},"datePublished":"2022-10-17T15:12:45+00:00","dateModified":"2024-12-10T08:54:45+00:00","breadcrumb":{"@id":"https:\/\/www.target-world.de\/fr\/protection-des-donnees\/#breadcrumb"},"inLanguage":"fr-FR","potentialAction":[{"@type":"ReadAction","target":["https:\/\/www.target-world.de\/fr\/protection-des-donnees\/"]}]},{"@type":"BreadcrumbList","@id":"https:\/\/www.target-world.de\/fr\/protection-des-donnees\/#breadcrumb","itemListElement":[{"@type":"ListItem","position":1,"name":"page d'accueil","item":"https:\/\/www.target-world.de\/fr\/"},{"@type":"ListItem","position":2,"name":"Protection des donn\u00e9es"}]},{"@type":"WebSite","@id":"https:\/\/www.target-world.de\/fr\/#website","url":"https:\/\/www.target-world.de\/fr\/","name":"Target World Landscheid","description":"","potentialAction":[{"@type":"SearchAction","target":{"@type":"EntryPoint","urlTemplate":"https:\/\/www.target-world.de\/fr\/?s={search_term_string}"},"query-input":"required name=search_term_string"}],"inLanguage":"fr-FR"}]}},"_links":{"self":[{"href":"https:\/\/www.target-world.de\/fr\/wp-json\/wp\/v2\/pages\/4122"}],"collection":[{"href":"https:\/\/www.target-world.de\/fr\/wp-json\/wp\/v2\/pages"}],"about":[{"href":"https:\/\/www.target-world.de\/fr\/wp-json\/wp\/v2\/types\/page"}],"author":[{"embeddable":true,"href":"https:\/\/www.target-world.de\/fr\/wp-json\/wp\/v2\/users\/1"}],"replies":[{"embeddable":true,"href":"https:\/\/www.target-world.de\/fr\/wp-json\/wp\/v2\/comments?post=4122"}],"version-history":[{"count":3,"href":"https:\/\/www.target-world.de\/fr\/wp-json\/wp\/v2\/pages\/4122\/revisions"}],"predecessor-version":[{"id":4395,"href":"https:\/\/www.target-world.de\/fr\/wp-json\/wp\/v2\/pages\/4122\/revisions\/4395"}],"wp:attachment":[{"href":"https:\/\/www.target-world.de\/fr\/wp-json\/wp\/v2\/media?parent=4122"}],"curies":[{"name":"wp","href":"https:\/\/api.w.org\/{rel}","templated":true}]}}