{"id":4086,"date":"2024-06-24T14:57:11","date_gmt":"2024-06-24T12:57:11","guid":{"rendered":"https:\/\/www.target-world.de\/contactpersoon\/"},"modified":"2024-12-06T12:10:14","modified_gmt":"2024-12-06T11:10:14","slug":"contactpersoon","status":"publish","type":"page","link":"https:\/\/www.target-world.de\/nl\/contactpersoon\/","title":{"rendered":"Contactpersoon"},"content":{"rendered":"<div  class=\"tw-small-teasers tw-small-teasers--default\"><div class=\"bg-tw-green py-sm md:py-md lg:py-lg\">\n    <div class=\"container\">\n        <h1>Uw contactpersonen<\/h1>        <div class=\"flex flex-wrap -mx-15\">\n                    <div class=\"px-15 w-full md:w-1\/2 lg:w-1\/4\">\n                <img loading=\"lazy\" width=\"920\" height=\"600\" src=\"https:\/\/www.target-world.de\/wp-content\/uploads\/2024\/08\/Mitarbeiterbilder_Fr-Rudat_1.png\" class=\"block w-full h-auto mb-6\" alt=\"Tarket Mitarbeiterportr\u00e4t von Frau Rudat im Kreisrahmen mit langen, blonden Haaren. Sie tr\u00e4gt eine Brille\" decoding=\"async\" srcset=\"https:\/\/www.target-world.de\/wp-content\/uploads\/2024\/08\/Mitarbeiterbilder_Fr-Rudat_1.png 920w, https:\/\/www.target-world.de\/wp-content\/uploads\/2024\/08\/Mitarbeiterbilder_Fr-Rudat_1-300x196.png 300w, https:\/\/www.target-world.de\/wp-content\/uploads\/2024\/08\/Mitarbeiterbilder_Fr-Rudat_1-768x501.png 768w\" sizes=\"(max-width: 920px) 100vw, 920px\" \/>                <div class=\"wysiwyg mb-20 lg:mb-0\">\n                    <h2 style=\"text-align: center;\">\nAnn-Katrin Rudat<\/h2>\n<p style=\"text-align: center;\"><span style=\"color: #ffffff;\">Management \/ Hoofd Horeca (Lodge, Restaurant)<br \/>\n<\/span><a href=\"mailto:ann-katrin.rudat@target-world.de\">ann-katrin.rudat@target-world.de<\/a><br \/>\n<a href=\"tel:+496575968910\">+49 6575 96891 &#8211; 0<\/a><br \/>\n<a href=\"tel:+491731845515\">+49 173 \/ 1845515<\/a><\/p>\n                <\/div>\n            <\/div>\n                    <div class=\"px-15 w-full md:w-1\/2 lg:w-1\/4\">\n                <img loading=\"lazy\" width=\"920\" height=\"600\" src=\"https:\/\/www.target-world.de\/wp-content\/uploads\/2024\/08\/Mitarbeiterbilder_Hr-Ullmann_1.png\" class=\"block w-full h-auto mb-6\" alt=\"Mitarbeiterportr\u00e4t von Herr Ullmann in einem kreisf\u00f6rmigen Rahmen der Firma Tarket. Er tr\u00e4gt eine schwarze Weste und ein wei\u00dfes Hemd\" decoding=\"async\" srcset=\"https:\/\/www.target-world.de\/wp-content\/uploads\/2024\/08\/Mitarbeiterbilder_Hr-Ullmann_1.png 920w, https:\/\/www.target-world.de\/wp-content\/uploads\/2024\/08\/Mitarbeiterbilder_Hr-Ullmann_1-300x196.png 300w, https:\/\/www.target-world.de\/wp-content\/uploads\/2024\/08\/Mitarbeiterbilder_Hr-Ullmann_1-768x501.png 768w\" sizes=\"(max-width: 920px) 100vw, 920px\" \/>                <div class=\"wysiwyg mb-20 lg:mb-0\">\n                    <h2 style=\"text-align: center;\">\nJens Ullmann<\/h2>\n<p style=\"text-align: center;\"><span style=\"color: #ffffff;\">Hoofd Academy &amp; Shooting Grounds (jachtvergunning, geavanceerde cursussen en bijscholing, schieten)<br \/>\n<\/span><a href=\"mailto:jens.ullmann@target-world.de\">jens.ullmann@target-world.de<\/a><br \/>\n<a href=\"tel:+496575968910\">+49 6575 96891 &#8211; 0<\/a><br \/>\n<a href=\"tel:+4915228537348\">+49 152 \/ 28537348<\/a><\/p>\n                <\/div>\n            <\/div>\n                    <div class=\"px-15 w-full md:w-1\/2 lg:w-1\/4\">\n                <img loading=\"lazy\" width=\"920\" height=\"600\" src=\"https:\/\/www.target-world.de\/wp-content\/uploads\/2024\/06\/target-world-team-avatar-mann-1.png\" class=\"block w-full h-auto mb-6\" alt=\"Target Mitarbeiterportr\u00e4t-Dummy im Kreisrahmen f\u00fcr eine m\u00e4nnliche Person\" decoding=\"async\" srcset=\"https:\/\/www.target-world.de\/wp-content\/uploads\/2024\/06\/target-world-team-avatar-mann-1.png 920w, https:\/\/www.target-world.de\/wp-content\/uploads\/2024\/06\/target-world-team-avatar-mann-1-300x196.png 300w, https:\/\/www.target-world.de\/wp-content\/uploads\/2024\/06\/target-world-team-avatar-mann-1-768x501.png 768w\" sizes=\"(max-width: 920px) 100vw, 920px\" \/>                <div class=\"wysiwyg mb-20 lg:mb-0\">\n                    <p class=\"sharp-s\" style=\"text-align: center;\">\nALWIN ERSFELD<\/p>\n<p style=\"text-align: center;\"><span style=\"color: #ffffff;\">Verkoopmanager \/ hoofd verkoop<br \/>\n<\/span><a class=\"ms-outlook-linkify\" href=\"mailto:alwin.ersfeld@target-world.de\">alwin.ersfeld@target-world.de<\/a><br \/>\n<a href=\"tel:+49657596891810\">+49 6575 96891 &#8211; 810<\/a><br \/>\n<a href=\"tel:+491702219714\">+49 170 \/ 2219714<\/a><\/p>\n                <\/div>\n            <\/div>\n                    <div class=\"px-15 w-full md:w-1\/2 lg:w-1\/4\">\n                <img loading=\"lazy\" width=\"920\" height=\"600\" src=\"https:\/\/www.target-world.de\/wp-content\/uploads\/2024\/08\/Mitarbeiterbilder_Hr-Link_1.png\" class=\"block w-full h-auto mb-6\" alt=\"Mitarbeiterportr\u00e4t von Herr Link, einem Mitarbeiter, in einem kreisf\u00f6rmigen Rahmen. Er tr\u00e4gt eine braune Weste und schaut freundlich in die Kamera.\" decoding=\"async\" srcset=\"https:\/\/www.target-world.de\/wp-content\/uploads\/2024\/08\/Mitarbeiterbilder_Hr-Link_1.png 920w, https:\/\/www.target-world.de\/wp-content\/uploads\/2024\/08\/Mitarbeiterbilder_Hr-Link_1-300x196.png 300w, https:\/\/www.target-world.de\/wp-content\/uploads\/2024\/08\/Mitarbeiterbilder_Hr-Link_1-768x501.png 768w\" sizes=\"(max-width: 920px) 100vw, 920px\" \/>                <div class=\"wysiwyg mb-20 lg:mb-0\">\n                    <h2 style=\"text-align: center;\">\nYuri Link<\/h2>\n<p style=\"text-align: center;\"><span style=\"color: #ffffff;\">Verkoopmanager (buitendienst)<br \/>\n<\/span><a href=\"mailto:sales@target-world.de\">sales@target-world.de<\/a><br \/>\n<a href=\"tel:+496575968910\">+49 6575 96891 &#8211; 0<\/a><br \/>\n<a href=\"tel:+4915164300427\">+49 151 \/ 64300427<\/a><\/p>\n                <\/div>\n            <\/div>\n                <\/div>\n    <\/div>\n<\/div><\/div>","protected":false},"excerpt":{"rendered":"","protected":false},"author":1,"featured_media":0,"parent":0,"menu_order":0,"comment_status":"closed","ping_status":"closed","template":"","meta":{"footnotes":""},"acf":[],"yoast_head":"<!-- This site is optimized with the Yoast SEO plugin v21.5 - https:\/\/yoast.com\/wordpress\/plugins\/seo\/ -->\n<title>Contactpersoon - Target World Landscheid<\/title>\n<meta name=\"robots\" content=\"index, follow, max-snippet:-1, max-image-preview:large, max-video-preview:-1\" \/>\n<link rel=\"canonical\" href=\"https:\/\/www.target-world.de\/nl\/contactpersoon\/\" \/>\n<meta property=\"og:locale\" content=\"nl_NL\" \/>\n<meta property=\"og:type\" content=\"article\" \/>\n<meta property=\"og:title\" content=\"Contactpersoon - Target World Landscheid\" \/>\n<meta property=\"og:url\" content=\"https:\/\/www.target-world.de\/nl\/contactpersoon\/\" \/>\n<meta property=\"og:site_name\" content=\"Target World Landscheid\" \/>\n<meta property=\"article:modified_time\" content=\"2024-12-06T11:10:14+00:00\" \/>\n<meta name=\"twitter:card\" content=\"summary_large_image\" \/>\n<script type=\"application\/ld+json\" class=\"yoast-schema-graph\">{\"@context\":\"https:\/\/schema.org\",\"@graph\":[{\"@type\":\"WebPage\",\"@id\":\"https:\/\/www.target-world.de\/nl\/contactpersoon\/\",\"url\":\"https:\/\/www.target-world.de\/nl\/contactpersoon\/\",\"name\":\"Contactpersoon - Target World Landscheid\",\"isPartOf\":{\"@id\":\"https:\/\/www.target-world.de\/nl\/#website\"},\"datePublished\":\"2024-06-24T12:57:11+00:00\",\"dateModified\":\"2024-12-06T11:10:14+00:00\",\"breadcrumb\":{\"@id\":\"https:\/\/www.target-world.de\/nl\/contactpersoon\/#breadcrumb\"},\"inLanguage\":\"nl-NL\",\"potentialAction\":[{\"@type\":\"ReadAction\",\"target\":[\"https:\/\/www.target-world.de\/nl\/contactpersoon\/\"]}]},{\"@type\":\"BreadcrumbList\",\"@id\":\"https:\/\/www.target-world.de\/nl\/contactpersoon\/#breadcrumb\",\"itemListElement\":[{\"@type\":\"ListItem\",\"position\":1,\"name\":\"startpagina\",\"item\":\"https:\/\/www.target-world.de\/nl\/\"},{\"@type\":\"ListItem\",\"position\":2,\"name\":\"Contactpersoon\"}]},{\"@type\":\"WebSite\",\"@id\":\"https:\/\/www.target-world.de\/nl\/#website\",\"url\":\"https:\/\/www.target-world.de\/nl\/\",\"name\":\"Target World Landscheid\",\"description\":\"\",\"potentialAction\":[{\"@type\":\"SearchAction\",\"target\":{\"@type\":\"EntryPoint\",\"urlTemplate\":\"https:\/\/www.target-world.de\/nl\/?s={search_term_string}\"},\"query-input\":\"required name=search_term_string\"}],\"inLanguage\":\"nl-NL\"}]}<\/script>\n<!-- \/ Yoast SEO plugin. -->","yoast_head_json":{"title":"Contactpersoon - Target World Landscheid","robots":{"index":"index","follow":"follow","max-snippet":"max-snippet:-1","max-image-preview":"max-image-preview:large","max-video-preview":"max-video-preview:-1"},"canonical":"https:\/\/www.target-world.de\/nl\/contactpersoon\/","og_locale":"nl_NL","og_type":"article","og_title":"Contactpersoon - Target World Landscheid","og_url":"https:\/\/www.target-world.de\/nl\/contactpersoon\/","og_site_name":"Target World Landscheid","article_modified_time":"2024-12-06T11:10:14+00:00","twitter_card":"summary_large_image","schema":{"@context":"https:\/\/schema.org","@graph":[{"@type":"WebPage","@id":"https:\/\/www.target-world.de\/nl\/contactpersoon\/","url":"https:\/\/www.target-world.de\/nl\/contactpersoon\/","name":"Contactpersoon - Target World Landscheid","isPartOf":{"@id":"https:\/\/www.target-world.de\/nl\/#website"},"datePublished":"2024-06-24T12:57:11+00:00","dateModified":"2024-12-06T11:10:14+00:00","breadcrumb":{"@id":"https:\/\/www.target-world.de\/nl\/contactpersoon\/#breadcrumb"},"inLanguage":"nl-NL","potentialAction":[{"@type":"ReadAction","target":["https:\/\/www.target-world.de\/nl\/contactpersoon\/"]}]},{"@type":"BreadcrumbList","@id":"https:\/\/www.target-world.de\/nl\/contactpersoon\/#breadcrumb","itemListElement":[{"@type":"ListItem","position":1,"name":"startpagina","item":"https:\/\/www.target-world.de\/nl\/"},{"@type":"ListItem","position":2,"name":"Contactpersoon"}]},{"@type":"WebSite","@id":"https:\/\/www.target-world.de\/nl\/#website","url":"https:\/\/www.target-world.de\/nl\/","name":"Target World Landscheid","description":"","potentialAction":[{"@type":"SearchAction","target":{"@type":"EntryPoint","urlTemplate":"https:\/\/www.target-world.de\/nl\/?s={search_term_string}"},"query-input":"required name=search_term_string"}],"inLanguage":"nl-NL"}]}},"_links":{"self":[{"href":"https:\/\/www.target-world.de\/nl\/wp-json\/wp\/v2\/pages\/4086"}],"collection":[{"href":"https:\/\/www.target-world.de\/nl\/wp-json\/wp\/v2\/pages"}],"about":[{"href":"https:\/\/www.target-world.de\/nl\/wp-json\/wp\/v2\/types\/page"}],"author":[{"embeddable":true,"href":"https:\/\/www.target-world.de\/nl\/wp-json\/wp\/v2\/users\/1"}],"replies":[{"embeddable":true,"href":"https:\/\/www.target-world.de\/nl\/wp-json\/wp\/v2\/comments?post=4086"}],"version-history":[{"count":1,"href":"https:\/\/www.target-world.de\/nl\/wp-json\/wp\/v2\/pages\/4086\/revisions"}],"predecessor-version":[{"id":4087,"href":"https:\/\/www.target-world.de\/nl\/wp-json\/wp\/v2\/pages\/4086\/revisions\/4087"}],"wp:attachment":[{"href":"https:\/\/www.target-world.de\/nl\/wp-json\/wp\/v2\/media?parent=4086"}],"curies":[{"name":"wp","href":"https:\/\/api.w.org\/{rel}","templated":true}]}}